{"id":14669,"date":"2023-12-18T14:33:47","date_gmt":"2023-12-18T14:33:47","guid":{"rendered":"https:\/\/kristalclinic.com\/cookie-policy\/"},"modified":"2023-12-28T10:56:31","modified_gmt":"2023-12-28T10:56:31","slug":"cerez-politikasi","status":"publish","type":"page","link":"https:\/\/kristalclinic.com\/tr\/cerez-politikasi\/","title":{"rendered":"\u00c7erez Politikas\u0131"},"content":{"rendered":"\t\t<div data-elementor-type=\"wp-page\" data-elementor-id=\"14669\" class=\"elementor elementor-14669 elementor-14652\" data-elementor-post-type=\"page\">\n\t\t\t\t\t\t<section class=\"elementor-section elementor-top-section elementor-element elementor-element-292383f elementor-section-boxed elementor-section-height-default elementor-section-height-default\" data-id=\"292383f\" data-element_type=\"section\" data-e-type=\"section\">\n\t\t\t\t\t\t<div class=\"elementor-container elementor-column-gap-default\">\n\t\t\t\t\t<div class=\"elementor-column elementor-col-100 elementor-top-column elementor-element elementor-element-95608b4\" data-id=\"95608b4\" data-element_type=\"column\" data-e-type=\"column\">\n\t\t\t<div class=\"elementor-widget-wrap elementor-element-populated\">\n\t\t\t\t\t\t<div class=\"elementor-element elementor-element-77254a9 elementor-widget elementor-widget-text-editor\" data-id=\"77254a9\" data-element_type=\"widget\" data-e-type=\"widget\" data-widget_type=\"text-editor.default\">\n\t\t\t\t<div class=\"elementor-widget-container\">\n\t\t\t\t\t\t\t\t\t<p>\u00a0<\/p><p>**\u00c7erezler Nedir**<\/p><p>\u00c7erezler, bir web sitesini ziyaret etti\u011finizde cihaz\u0131n\u0131za (bilgisayar veya mobil cihaz) kaydedilen k\u00fc\u00e7\u00fck veri par\u00e7alar\u0131d\u0131r. Web sitesi i\u015flevselli\u011fini etkinle\u015ftirmek, kullan\u0131c\u0131 deneyimini geli\u015ftirmek ve analitik sa\u011flamak gibi \u00e7e\u015fitli ama\u00e7lar i\u00e7in kullan\u0131l\u0131rlar.<\/p><p>**Kulland\u0131\u011f\u0131m\u0131z \u00c7erez T\u00fcrleri**<\/p><p>**Temel \u00c7erezler:** Bu \u00e7erezler, web sitesinin d\u00fczg\u00fcn \u00e7al\u0131\u015fmas\u0131 i\u00e7in gereklidir. Sayfa gezintisi ve web sitesinin g\u00fcvenli alanlar\u0131na eri\u015fim gibi temel i\u015flevleri etkinle\u015ftirir. Bu \u00e7erezler olmadan web sitesi d\u00fczg\u00fcn \u00e7al\u0131\u015famaz.<\/p><p>**Analitik \u00c7erezler:** Ziyaret\u00e7ilerin web sitemizle nas\u0131l etkile\u015fimde bulundu\u011funu anlamak i\u00e7in analitik \u00e7erezler kullan\u0131r\u0131z. Bu, web sitesinin performans\u0131n\u0131 ve kullan\u0131c\u0131 deneyimini iyile\u015ftirmemize yard\u0131mc\u0131 olur. Bu \u00e7erezler, ziyaret edilen sayfalar\u0131, her sayfada ge\u00e7irilen s\u00fcreyi ve kar\u015f\u0131la\u015f\u0131lan hata mesajlar\u0131n\u0131 i\u00e7eren bilgileri toplayabilir.<\/p><p>**Tercih \u00c7erezleri:** Bu \u00e7erezler, web sitesinin davran\u0131\u015f\u0131n\u0131 veya g\u00f6r\u00fcn\u00fcm\u00fcn\u00fc de\u011fi\u015ftiren bilgileri hat\u0131rlamas\u0131n\u0131 sa\u011flar. \u00d6rne\u011fin, tercih etti\u011finiz dil veya bulundu\u011funuz b\u00f6lge gibi.<\/p><p>**Pazarlama \u00c7erezleri:** \u0130lgilendi\u011finiz reklam i\u00e7eri\u011fini ki\u015fiselle\u015ftirmek i\u00e7in pazarlama \u00e7erezleri kullanabiliriz. Bu \u00e7erezler, g\u00f6z atma al\u0131\u015fkanl\u0131klar\u0131n\u0131z\u0131 takip eder ve ilgi alanlar\u0131n\u0131za uygun reklamlar\u0131n g\u00f6sterilmesini sa\u011flar.<\/p><p>**\u00c7erez Y\u00f6netimi**<\/p><p>\u00c7erezleri istedi\u011finiz gibi kontrol edebilir ve\/veya silebilirsiniz. Zaten bilgisayar\u0131n\u0131zda bulunan t\u00fcm \u00e7erezleri silebilir ve \u00e7o\u011fu taray\u0131c\u0131y\u0131 bunlar\u0131n yerle\u015ftirilmesini engellemek i\u00e7in ayarlayabilirsiniz. Ancak bunu yaparsan\u0131z, her siteyi ziyaret etti\u011finizde baz\u0131 tercihleri manuel olarak ayarlaman\u0131z gerekebilir ve baz\u0131 hizmetler ve i\u015flevler \u00e7al\u0131\u015fmayabilir.<\/p><p>**Bu Politikada De\u011fi\u015fiklikler**<\/p><p>Bu \u00c7erez Politikas\u0131n\u0131 zaman zaman g\u00fcncelleyebiliriz. Herhangi bir de\u011fi\u015fiklik bu sayfada yay\u0131nlanacak ve g\u00fcncellenmi\u015f bir revizyon tarihi ile birlikte y\u00fcr\u00fcrl\u00fc\u011fe girecektir.<\/p><p>**Bizimle \u0130leti\u015fime Ge\u00e7in**<\/p><p>\u00c7erez kullan\u0131m\u0131m\u0131z veya bu \u00c7erez Politikas\u0131 ile ilgili herhangi bir sorunuz varsa, l\u00fctfen bizimle \u015fu adreslerden ileti\u015fime ge\u00e7in: [insert contact information]<\/p><p>&#8212;<\/p><p>\u00a0<\/p>\t\t\t\t\t\t\t\t<\/div>\n\t\t\t\t<\/div>\n\t\t\t\t\t<\/div>\n\t\t<\/div>\n\t\t\t\t\t<\/div>\n\t\t<\/section>\n\t\t\t\t<\/div>\n\t\t\n    <div class=\"xs_social_share_widget xs_share_url after_content \t\tmain_content  wslu-style-1 wslu-share-box-shaped wslu-fill-colored wslu-none wslu-share-horizontal wslu-theme-font-no wslu-main_content\">\n\n\t\t\n        <ul>\n\t\t\t        <\/ul>\n    <\/div> \n","protected":false},"excerpt":{"rendered":"<p>**\u00c7erezler Nedir** \u00c7erezler, bir web sitesini ziyaret etti\u011finizde cihaz\u0131n\u0131za (bilgisayar veya mobil cihaz) kaydedilen k\u00fc\u00e7\u00fck veri par\u00e7alar\u0131d\u0131r. Web sitesi i\u015flevselli\u011fini etkinle\u015ftirmek, kullan\u0131c\u0131 deneyimini geli\u015ftirmek ve analitik sa\u011flamak gibi \u00e7e\u015fitli ama\u00e7lar i\u00e7in kullan\u0131l\u0131rlar. **Kulland\u0131\u011f\u0131m\u0131z \u00c7erez T\u00fcrleri** **Temel \u00c7erezler:** Bu \u00e7erezler, web sitesinin d\u00fczg\u00fcn \u00e7al\u0131\u015fmas\u0131 i\u00e7in gereklidir. Sayfa gezintisi ve web sitesinin g\u00fcvenli alanlar\u0131na eri\u015fim gibi temel i\u015flevleri etkinle\u015ftirir. Bu \u00e7erezler olmadan web sitesi d\u00fczg\u00fcn \u00e7al\u0131\u015famaz. **Analitik \u00c7erezler:** Ziyaret\u00e7ilerin web sitemizle nas\u0131l etkile\u015fimde bulundu\u011funu anlamak i\u00e7in analitik \u00e7erezler kullan\u0131r\u0131z. Bu, web sitesinin performans\u0131n\u0131 ve kullan\u0131c\u0131 deneyimini iyile\u015ftirmemize yard\u0131mc\u0131 olur. Bu \u00e7erezler, ziyaret edilen sayfalar\u0131, her sayfada ge\u00e7irilen s\u00fcreyi ve kar\u015f\u0131la\u015f\u0131lan hata mesajlar\u0131n\u0131 i\u00e7eren bilgileri toplayabilir. **Tercih \u00c7erezleri:** Bu \u00e7erezler, web sitesinin davran\u0131\u015f\u0131n\u0131 veya g\u00f6r\u00fcn\u00fcm\u00fcn\u00fc de\u011fi\u015ftiren bilgileri hat\u0131rlamas\u0131n\u0131 sa\u011flar. \u00d6rne\u011fin, tercih etti\u011finiz dil veya bulundu\u011funuz b\u00f6lge gibi. **Pazarlama \u00c7erezleri:** \u0130lgilendi\u011finiz reklam i\u00e7eri\u011fini ki\u015fiselle\u015ftirmek i\u00e7in pazarlama \u00e7erezleri kullanabiliriz. Bu \u00e7erezler, g\u00f6z atma al\u0131\u015fkanl\u0131klar\u0131n\u0131z\u0131 takip eder ve ilgi alanlar\u0131n\u0131za uygun reklamlar\u0131n g\u00f6sterilmesini sa\u011flar. **\u00c7erez Y\u00f6netimi** \u00c7erezleri istedi\u011finiz gibi kontrol edebilir ve\/veya silebilirsiniz. Zaten bilgisayar\u0131n\u0131zda bulunan t\u00fcm \u00e7erezleri silebilir ve \u00e7o\u011fu taray\u0131c\u0131y\u0131 bunlar\u0131n yerle\u015ftirilmesini engellemek i\u00e7in ayarlayabilirsiniz. Ancak bunu yaparsan\u0131z, her siteyi ziyaret etti\u011finizde baz\u0131 tercihleri manuel olarak ayarlaman\u0131z gerekebilir ve baz\u0131 hizmetler ve i\u015flevler \u00e7al\u0131\u015fmayabilir. **Bu Politikada De\u011fi\u015fiklikler** Bu \u00c7erez Politikas\u0131n\u0131 zaman zaman g\u00fcncelleyebiliriz. Herhangi bir de\u011fi\u015fiklik bu sayfada yay\u0131nlanacak ve g\u00fcncellenmi\u015f bir revizyon tarihi ile birlikte y\u00fcr\u00fcrl\u00fc\u011fe girecektir. **Bizimle \u0130leti\u015fime Ge\u00e7in** \u00c7erez kullan\u0131m\u0131m\u0131z veya bu \u00c7erez Politikas\u0131 ile ilgili herhangi bir sorunuz varsa, l\u00fctfen bizimle \u015fu adreslerden ileti\u015fime ge\u00e7in: [insert contact information] &#8212;<\/p>\n","protected":false},"author":4,"featured_media":0,"parent":0,"menu_order":0,"comment_status":"closed","ping_status":"closed","template":"","meta":{"postBodyCss":"","postBodyMargin":[],"postBodyPadding":[],"postBodyBackground":{"backgroundType":"classic","gradient":""},"footnotes":""},"class_list":["post-14669","page","type-page","status-publish","hentry"],"_links":{"self":[{"href":"https:\/\/kristalclinic.com\/tr\/wp-json\/wp\/v2\/pages\/14669","targetHints":{"allow":["GET"]}}],"collection":[{"href":"https:\/\/kristalclinic.com\/tr\/wp-json\/wp\/v2\/pages"}],"about":[{"href":"https:\/\/kristalclinic.com\/tr\/wp-json\/wp\/v2\/types\/page"}],"author":[{"embeddable":true,"href":"https:\/\/kristalclinic.com\/tr\/wp-json\/wp\/v2\/users\/4"}],"replies":[{"embeddable":true,"href":"https:\/\/kristalclinic.com\/tr\/wp-json\/wp\/v2\/comments?post=14669"}],"version-history":[{"count":0,"href":"https:\/\/kristalclinic.com\/tr\/wp-json\/wp\/v2\/pages\/14669\/revisions"}],"wp:attachment":[{"href":"https:\/\/kristalclinic.com\/tr\/wp-json\/wp\/v2\/media?parent=14669"}],"curies":[{"name":"wp","href":"https:\/\/api.w.org\/{rel}","templated":true}]}}