{"id":14991,"date":"2023-12-18T14:33:47","date_gmt":"2023-12-18T14:33:47","guid":{"rendered":"https:\/\/kristalclinic.com\/cookie-policy\/"},"modified":"2023-12-28T11:05:32","modified_gmt":"2023-12-28T11:05:32","slug":"politique-relative-aux-cookies","status":"publish","type":"page","link":"https:\/\/kristalclinic.com\/fr\/politique-relative-aux-cookies\/","title":{"rendered":"Politique relative aux cookies"},"content":{"rendered":"\t\t<div data-elementor-type=\"wp-page\" data-elementor-id=\"14991\" class=\"elementor elementor-14991 elementor-14652\" data-elementor-post-type=\"page\">\n\t\t\t\t\t\t<section class=\"elementor-section elementor-top-section elementor-element elementor-element-292383f elementor-section-boxed elementor-section-height-default elementor-section-height-default\" data-id=\"292383f\" data-element_type=\"section\" data-e-type=\"section\">\n\t\t\t\t\t\t<div class=\"elementor-container elementor-column-gap-default\">\n\t\t\t\t\t<div class=\"elementor-column elementor-col-100 elementor-top-column elementor-element elementor-element-95608b4\" data-id=\"95608b4\" data-element_type=\"column\" data-e-type=\"column\">\n\t\t\t<div class=\"elementor-widget-wrap elementor-element-populated\">\n\t\t\t\t\t\t<div class=\"elementor-element elementor-element-77254a9 elementor-widget elementor-widget-text-editor\" data-id=\"77254a9\" data-element_type=\"widget\" data-e-type=\"widget\" data-widget_type=\"text-editor.default\">\n\t\t\t\t<div class=\"elementor-widget-container\">\n\t\t\t\t\t\t\t\t\t<p>Qu&rsquo;est-ce que les cookies ?<\/p><p>Les cookies sont de petits morceaux de donn\u00e9es stock\u00e9s sur votre appareil (ordinateur ou appareil mobile) lorsque vous visitez un site web. Ils remplissent diverses fonctions telles que permettre la fonctionnalit\u00e9 du site, am\u00e9liorer l&rsquo;exp\u00e9rience utilisateur et fournir des analyses.<\/p><p>Types de cookies que nous utilisons :<\/p><p>Cookies essentiels : Ces cookies sont n\u00e9cessaires au bon fonctionnement du site web. Ils activent des fonctions de base telles que la navigation sur les pages et l&rsquo;acc\u00e8s aux zones s\u00e9curis\u00e9es du site. Le site ne peut pas fonctionner correctement sans ces cookies.<\/p><p>Cookies analytiques : Nous utilisons des cookies analytiques pour comprendre comment les visiteurs interagissent avec notre site web. Cela nous aide \u00e0 am\u00e9liorer les performances du site et l&rsquo;exp\u00e9rience utilisateur. Ces cookies peuvent collecter des informations telles que les pages visit\u00e9es, le temps pass\u00e9 sur chaque page et les messages d&rsquo;erreur rencontr\u00e9s.<\/p><p>Cookies de pr\u00e9f\u00e9rence : Ces cookies permettent au site web de se souvenir des informations qui modifient le comportement ou l&rsquo;apparence du site, comme votre langue pr\u00e9f\u00e9r\u00e9e ou la r\u00e9gion dans laquelle vous vous trouvez.<\/p><p>Cookies marketing : Nous pouvons utiliser des cookies marketing pour personnaliser le contenu publicitaire que vous voyez sur les sites web. Ces cookies suivent vos habitudes de navigation et nous permettent de diffuser des annonces pertinentes \u00e0 vos centres d&rsquo;int\u00e9r\u00eat.<\/p><p>Gestion des cookies :<\/p><p>Vous pouvez contr\u00f4ler et\/ou supprimer les cookies comme vous le souhaitez. Vous pouvez supprimer tous les cookies d\u00e9j\u00e0 pr\u00e9sents sur votre ordinateur et vous pouvez configurer la plupart des navigateurs pour les emp\u00eacher d&rsquo;\u00eatre plac\u00e9s. Cependant, si vous le faites, vous devrez peut-\u00eatre ajuster manuellement certaines pr\u00e9f\u00e9rences \u00e0 chaque visite sur le site et certains services et fonctionnalit\u00e9s pourraient ne pas fonctionner.<\/p><p>Changements apport\u00e9s \u00e0 cette politique :<\/p><p>Nous pouvons mettre \u00e0 jour cette Politique relative aux cookies de temps \u00e0 autre. Tout changement sera publi\u00e9 sur cette page avec une date de r\u00e9vision mise \u00e0 jour.<\/p><p>Contactez-nous :<\/p><p>Si vous avez des questions sur notre utilisation des cookies ou sur cette Politique relative aux cookies, veuillez nous contacter \u00e0 l&rsquo;adresse suivante : info@kristalclinic.com .<\/p>\t\t\t\t\t\t\t\t<\/div>\n\t\t\t\t<\/div>\n\t\t\t\t\t<\/div>\n\t\t<\/div>\n\t\t\t\t\t<\/div>\n\t\t<\/section>\n\t\t\t\t<\/div>\n\t\t\n    <div class=\"xs_social_share_widget xs_share_url after_content \t\tmain_content  wslu-style-1 wslu-share-box-shaped wslu-fill-colored wslu-none wslu-share-horizontal wslu-theme-font-no wslu-main_content\">\n\n\t\t\n        <ul>\n\t\t\t        <\/ul>\n    <\/div> \n","protected":false},"excerpt":{"rendered":"<p>Qu&rsquo;est-ce que les cookies ? Les cookies sont de petits morceaux de donn\u00e9es stock\u00e9s sur votre appareil (ordinateur ou appareil mobile) lorsque vous visitez un site web. Ils remplissent diverses fonctions telles que permettre la fonctionnalit\u00e9 du site, am\u00e9liorer l&rsquo;exp\u00e9rience utilisateur et fournir des analyses. Types de cookies que nous utilisons : Cookies essentiels : Ces cookies sont n\u00e9cessaires au bon fonctionnement du site web. Ils activent des fonctions de base telles que la navigation sur les pages et l&rsquo;acc\u00e8s aux zones s\u00e9curis\u00e9es du site. Le site ne peut pas fonctionner correctement sans ces cookies. Cookies analytiques : Nous utilisons des cookies analytiques pour comprendre comment les visiteurs interagissent avec notre site web. Cela nous aide \u00e0 am\u00e9liorer les performances du site et l&rsquo;exp\u00e9rience utilisateur. Ces cookies peuvent collecter des informations telles que les pages visit\u00e9es, le temps pass\u00e9 sur chaque page et les messages d&rsquo;erreur rencontr\u00e9s. Cookies de pr\u00e9f\u00e9rence : Ces cookies permettent au site web de se souvenir des informations qui modifient le comportement ou l&rsquo;apparence du site, comme votre langue pr\u00e9f\u00e9r\u00e9e ou la r\u00e9gion dans laquelle vous vous trouvez. Cookies marketing : Nous pouvons utiliser des cookies marketing pour personnaliser le contenu publicitaire que vous voyez sur les sites web. Ces cookies suivent vos habitudes de navigation et nous permettent de diffuser des annonces pertinentes \u00e0 vos centres d&rsquo;int\u00e9r\u00eat. Gestion des cookies : Vous pouvez contr\u00f4ler et\/ou supprimer les cookies comme vous le souhaitez. Vous pouvez supprimer tous les cookies d\u00e9j\u00e0 pr\u00e9sents sur votre ordinateur et vous pouvez configurer la plupart des navigateurs pour les emp\u00eacher d&rsquo;\u00eatre plac\u00e9s. Cependant, si vous le faites, vous devrez peut-\u00eatre ajuster manuellement certaines pr\u00e9f\u00e9rences \u00e0 chaque visite sur le site et certains services et fonctionnalit\u00e9s pourraient ne pas fonctionner. Changements apport\u00e9s \u00e0 cette politique : Nous pouvons mettre \u00e0 jour cette Politique relative aux cookies de temps \u00e0 autre. Tout changement sera publi\u00e9 sur cette page avec une date de r\u00e9vision mise \u00e0 jour. Contactez-nous : Si vous avez des questions sur notre utilisation des cookies ou sur cette Politique relative aux cookies, veuillez nous contacter \u00e0 l&rsquo;adresse suivante : info@kristalclinic.com .<\/p>\n","protected":false},"author":4,"featured_media":0,"parent":0,"menu_order":0,"comment_status":"closed","ping_status":"closed","template":"","meta":{"postBodyCss":"","postBodyMargin":[],"postBodyPadding":[],"postBodyBackground":{"backgroundType":"classic","gradient":""},"footnotes":""},"class_list":["post-14991","page","type-page","status-publish","hentry"],"_links":{"self":[{"href":"https:\/\/kristalclinic.com\/fr\/wp-json\/wp\/v2\/pages\/14991","targetHints":{"allow":["GET"]}}],"collection":[{"href":"https:\/\/kristalclinic.com\/fr\/wp-json\/wp\/v2\/pages"}],"about":[{"href":"https:\/\/kristalclinic.com\/fr\/wp-json\/wp\/v2\/types\/page"}],"author":[{"embeddable":true,"href":"https:\/\/kristalclinic.com\/fr\/wp-json\/wp\/v2\/users\/4"}],"replies":[{"embeddable":true,"href":"https:\/\/kristalclinic.com\/fr\/wp-json\/wp\/v2\/comments?post=14991"}],"version-history":[{"count":0,"href":"https:\/\/kristalclinic.com\/fr\/wp-json\/wp\/v2\/pages\/14991\/revisions"}],"wp:attachment":[{"href":"https:\/\/kristalclinic.com\/fr\/wp-json\/wp\/v2\/media?parent=14991"}],"curies":[{"name":"wp","href":"https:\/\/api.w.org\/{rel}","templated":true}]}}